{"id":2791,"date":"2025-09-02T18:47:05","date_gmt":"2025-09-02T22:47:05","guid":{"rendered":"https:\/\/miniuniverso.org\/cookie-policy\/"},"modified":"2025-09-02T19:15:54","modified_gmt":"2025-09-02T23:15:54","slug":"cookie-policy","status":"publish","type":"page","link":"https:\/\/miniuniverso.org\/en\/cookie-policy\/","title":{"rendered":"Cookie Policy"},"content":{"rendered":"<p>Esta p\u00e1gina proporciona informaci\u00f3n completa sobre c\u00f3mo utilizamos las cookies en nuestro sitio web para mejorar su experiencia de navegaci\u00f3n, optimizar el rendimiento del sitio web y ofrecer contenido personalizado. Las cookies son peque\u00f1os archivos de texto que se almacenan en su dispositivo cuando visita nuestro sitio. Nos ayudan a comprender c\u00f3mo interact\u00faan los visitantes con nuestro sitio web, lo que nos permite ofrecer una experiencia de usuario m\u00e1s fluida y eficiente. En la tabla siguiente encontrar\u00e1 informaci\u00f3n detallada sobre cada tipo de cookie que utilizamos, su finalidad y el tiempo que permanecen en su dispositivo. Nos comprometemos a respetar su privacidad y a ofrecer transparencia sobre los datos que recopilamos a trav\u00e9s de las cookies. Para obtener m\u00e1s informaci\u00f3n sobre c\u00f3mo tratamos sus datos personales, consulte nuestra <a href=\"\">Privacy Policy.<\/a><\/p>\n\n\n<div class=\"wpconsent-cookie-policy\"><h2 class=\"wpconsent-cookie-category-name\">Essential<\/h2><p class=\"wpconsent-cookie-category-description\">Essential cookies enable basic functions and are necessary for the proper function of the website.<\/p><table class=\"wpconsent-cookie-policy-table\"><tr><th>Cookie ID<\/th><th>Purpose<\/th><th>Duration<\/th><\/tr><tr><td>wpconsent_preferences<\/td><td>Esta cookie se utiliza para almacenar las preferencias de consentimiento del usuario en materia de cookies.<\/td><td>30 d\u00edas<\/td><\/tr><\/table><h3 class=\"wpconsent-cookie-service-name\">Comments<\/h3><p class=\"wpconsent-cookie-service-description\">These cookies are needed for adding comments on this website.<\/p><table class=\"wpconsent-cookie-policy-table\"><tr><th>Cookie ID<\/th><th>Purpose<\/th><th>Duration<\/th><\/tr><tr><td>comment_author<\/td><td>Se utiliza para rastrear al usuario a lo largo de varias sesiones.<\/td><td>Session<\/td><\/tr><tr><td>comment_author_email<\/td><td>Se utiliza para rastrear al usuario a lo largo de varias sesiones.<\/td><td>Session<\/td><\/tr><tr><td>comment_author_url<\/td><td>Se utiliza para rastrear al usuario a lo largo de varias sesiones.<\/td><td>Session<\/td><\/tr><\/table><h2 class=\"wpconsent-cookie-category-name\">Statistics<\/h2><p class=\"wpconsent-cookie-category-description\">Statistics cookies collect information anonymously. This information helps us understand how visitors use our website.<\/p><h3 class=\"wpconsent-cookie-service-name\">Google Analytics<\/h3><p class=\"wpconsent-cookie-service-description\">Google Analytics is a powerful tool that tracks and analyzes website traffic for informed marketing decisions.<\/p><a href=\"https:\/\/policies.google.com\/privacy\">Learn more<\/a><table class=\"wpconsent-cookie-policy-table\"><tr><th>Cookie ID<\/th><th>Purpose<\/th><th>Duration<\/th><\/tr><tr><td>_gac_<\/td><td>Contiene informaci\u00f3n relacionada con las campa\u00f1as de marketing del usuario. Esta informaci\u00f3n se comparte con Google AdWords\/Google Ads cuando las cuentas de Google Ads y Google Analytics est\u00e1n vinculadas entre s\u00ed.<\/td><td>90 d\u00edas<\/td><\/tr><tr><td>__utma<\/td><td>ID utilizado para identificar a los usuarios y las sesiones.<\/td><td>2 a\u00f1os despu\u00e9s de la \u00faltima actividad<\/td><\/tr><tr><td>__utmt<\/td><td>Se utiliza para supervisar el n\u00famero de solicitudes del servidor de Google Analytics.<\/td><td>10 minutos<\/td><\/tr><tr><td>__utmb<\/td><td>Se utiliza para distinguir nuevas sesiones y visitas. Esta cookie se establece cuando se carga la biblioteca javascript GA.js y no existe ninguna cookie __utmb. La cookie se actualiza cada vez que se env\u00edan datos al servidor de Google Analytics.<\/td><td>30 minutos despu\u00e9s de la \u00faltima actividad<\/td><\/tr><tr><td>__utmc<\/td><td>Se utiliza solo con versiones antiguas de Urchin de Google Analytics y no con GA.js. Se utilizaba para distinguir entre nuevas sesiones y visitas al final de una sesi\u00f3n.<\/td><td>Fin de la sesi\u00f3n (navegador)<\/td><\/tr><tr><td>__utmz<\/td><td>Contiene informaci\u00f3n sobre la fuente de tr\u00e1fico o la campa\u00f1a que dirigi\u00f3 al usuario al sitio web. La cookie se establece cuando se carga el javascript GA.js y se actualiza cuando se env\u00edan datos al servidor de Google Analytics.<\/td><td>6 meses despu\u00e9s de la \u00faltima actividad<\/td><\/tr><tr><td>__utmv<\/td><td>Contiene informaci\u00f3n personalizada establecida por el desarrollador web mediante el m\u00e9todo _setCustomVar en Google Analytics. Esta cookie se actualiza cada vez que se env\u00edan nuevos datos al servidor de Google Analytics.<\/td><td>2 a\u00f1os despu\u00e9s de la \u00faltima actividad<\/td><\/tr><tr><td>__utmx<\/td><td>Se utiliza para determinar si un usuario est\u00e1 incluido en una prueba A\/B o multivariante.<\/td><td>18 meses<\/td><\/tr><tr><td>_ga<\/td><td>ID utilizado para identificar a los usuarios.<\/td><td>2 a\u00f1os<\/td><\/tr><tr><td>_gali<\/td><td>Utilizado por Google Analytics para determinar en qu\u00e9 enlaces de una p\u00e1gina se hace clic.<\/td><td>30 segundos<\/td><\/tr><tr><td>_ga_<\/td><td>ID utilizado para identificar a los usuarios.<\/td><td>2 a\u00f1os<\/td><\/tr><tr><td>_gid<\/td><td>ID utilizado para identificar a los usuarios durante 24 horas despu\u00e9s de la \u00faltima actividad.<\/td><td>24 horas<\/td><\/tr><tr><td>_gat<\/td><td>Used to monitor number of Google Analytics server requests when using Google Tag Manager<\/td><td>1 minute<\/td><\/tr><\/table><\/div>","protected":false},"excerpt":{"rendered":"<p>Esta p\u00e1gina proporciona informaci\u00f3n completa sobre c\u00f3mo utilizamos las cookies en nuestro sitio web para mejorar su experiencia de navegaci\u00f3n, optimizar el rendimiento del sitio web y ofrecer contenido personalizado. Las cookies son peque\u00f1os archivos de texto que se almacenan en su dispositivo cuando visita nuestro sitio. Nos ayudan a comprender c\u00f3mo interact\u00faan los visitantes [&hellip;]<\/p>","protected":false},"author":1,"featured_media":0,"parent":0,"menu_order":0,"comment_status":"closed","ping_status":"closed","template":"","meta":{"footnotes":""},"class_list":["post-2791","page","type-page","status-publish","hentry"],"_links":{"self":[{"href":"https:\/\/miniuniverso.org\/en\/wp-json\/wp\/v2\/pages\/2791","targetHints":{"allow":["GET"]}}],"collection":[{"href":"https:\/\/miniuniverso.org\/en\/wp-json\/wp\/v2\/pages"}],"about":[{"href":"https:\/\/miniuniverso.org\/en\/wp-json\/wp\/v2\/types\/page"}],"author":[{"embeddable":true,"href":"https:\/\/miniuniverso.org\/en\/wp-json\/wp\/v2\/users\/1"}],"replies":[{"embeddable":true,"href":"https:\/\/miniuniverso.org\/en\/wp-json\/wp\/v2\/comments?post=2791"}],"version-history":[{"count":1,"href":"https:\/\/miniuniverso.org\/en\/wp-json\/wp\/v2\/pages\/2791\/revisions"}],"predecessor-version":[{"id":2809,"href":"https:\/\/miniuniverso.org\/en\/wp-json\/wp\/v2\/pages\/2791\/revisions\/2809"}],"wp:attachment":[{"href":"https:\/\/miniuniverso.org\/en\/wp-json\/wp\/v2\/media?parent=2791"}],"curies":[{"name":"wp","href":"https:\/\/api.w.org\/{rel}","templated":true}]}}